{"id":344,"date":"2018-12-26T15:29:37","date_gmt":"2019-02-05T17:17:37","guid":{"rendered":"http:\/\/www.ortopedia.rs\/product\/utega-jednostrana\/"},"modified":"2019-05-23T12:49:45","modified_gmt":"2019-05-23T12:49:45","slug":"utega-jednostrana","status":"publish","type":"product","link":"http:\/\/www.ortopedia.rs\/sr\/proizvod\/utega-jednostrana\/","title":{"rendered":"Utega za preponsku kilu"},"content":{"rendered":"<p>Utega za preponsku kilu radjena po meri tel +381642622549<\/p>\n","protected":false},"excerpt":{"rendered":"<p>Utega za preponsku kilu se izradjuje pojedina\u010dno od kvalitetne prirodne ko\u017ee (beli \u0161palt) prilikom narud\u017ebine molimo Vas da nas kontaktirate na tel. 0642622549 kao bi pomagalo bilo prilagodjeno Va\u0161im merama Napomena:Po\u0161tarina nije ura\u010dunata u cenu.<\/p>\n","protected":false},"featured_media":138,"comment_status":"open","ping_status":"closed","template":"","meta":[],"_links":{"self":[{"href":"http:\/\/www.ortopedia.rs\/sr\/wp-json\/wp\/v2\/product\/344\/"}],"collection":[{"href":"http:\/\/www.ortopedia.rs\/sr\/wp-json\/wp\/v2\/product\/"}],"about":[{"href":"http:\/\/www.ortopedia.rs\/sr\/wp-json\/wp\/v2\/types\/product\/"}],"replies":[{"embeddable":true,"href":"http:\/\/www.ortopedia.rs\/sr\/wp-json\/wp\/v2\/comments\/?post=344"}],"wp:featuredmedia":[{"embeddable":true,"href":"http:\/\/www.ortopedia.rs\/sr\/wp-json\/wp\/v2\/media\/138\/"}],"wp:attachment":[{"href":"http:\/\/www.ortopedia.rs\/sr\/wp-json\/wp\/v2\/media\/?parent=344"}],"curies":[{"name":"wp","href":"https:\/\/api.w.org\/{rel}","templated":true}]}}