{"id":316,"date":"2019-01-26T16:16:02","date_gmt":"2019-02-05T17:17:20","guid":{"rendered":"http:\/\/www.ortopedia.rs\/product\/aparat-za-iscasene-kukove\/"},"modified":"2019-02-05T17:17:20","modified_gmt":"2019-02-05T17:17:20","slug":"aparat-za-iscasene-kukove-2","status":"publish","type":"product","link":"http:\/\/www.ortopedia.rs\/sr\/proizvod\/aparat-za-iscasene-kukove-2\/","title":{"rendered":"Aparat za i\u0161\u010da\u0161ene kukove"},"content":{"rendered":"","protected":false},"excerpt":{"rendered":"","protected":false},"featured_media":218,"comment_status":"open","ping_status":"closed","template":"","meta":[],"_links":{"self":[{"href":"http:\/\/www.ortopedia.rs\/sr\/wp-json\/wp\/v2\/product\/316\/"}],"collection":[{"href":"http:\/\/www.ortopedia.rs\/sr\/wp-json\/wp\/v2\/product\/"}],"about":[{"href":"http:\/\/www.ortopedia.rs\/sr\/wp-json\/wp\/v2\/types\/product\/"}],"replies":[{"embeddable":true,"href":"http:\/\/www.ortopedia.rs\/sr\/wp-json\/wp\/v2\/comments\/?post=316"}],"wp:featuredmedia":[{"embeddable":true,"href":"http:\/\/www.ortopedia.rs\/sr\/wp-json\/wp\/v2\/media\/218\/"}],"wp:attachment":[{"href":"http:\/\/www.ortopedia.rs\/sr\/wp-json\/wp\/v2\/media\/?parent=316"}],"curies":[{"name":"wp","href":"https:\/\/api.w.org\/{rel}","templated":true}]}}