{"id":312,"date":"2019-01-26T16:17:51","date_gmt":"2019-02-05T17:17:18","guid":{"rendered":"http:\/\/www.ortopedia.rs\/product\/pojas-za-kicmu\/"},"modified":"2019-05-23T12:51:22","modified_gmt":"2019-05-23T12:51:22","slug":"pojas-za-kicmu","status":"publish","type":"product","link":"http:\/\/www.ortopedia.rs\/sr\/proizvod\/pojas-za-kicmu\/","title":{"rendered":"Pojas za ki\u010dmu platneni"},"content":{"rendered":"<p>Pomagalo se radi po meri prilikom narud\u017ebine molimo Vas da nas kontaktirate na 0642622549 kako bi uradili pomagalo prilagodjeno po Va\u0161oj meri.Napomena:Po\u0161tarina nije ura\u010dunata u cenu.<\/p>\n","protected":false},"excerpt":{"rendered":"<p>Pomagalo se radi po meri prilikom narud\u017ebine molimo Vas da nas kontaktirate na 0642622549 kako bi uradili pomagalo prilagodjeno po Va\u0161oj meri.Napomena:Po\u0161tarina nije ura\u010dunata u cenu.<\/p>\n","protected":false},"featured_media":214,"comment_status":"open","ping_status":"closed","template":"","meta":[],"_links":{"self":[{"href":"http:\/\/www.ortopedia.rs\/sr\/wp-json\/wp\/v2\/product\/312\/"}],"collection":[{"href":"http:\/\/www.ortopedia.rs\/sr\/wp-json\/wp\/v2\/product\/"}],"about":[{"href":"http:\/\/www.ortopedia.rs\/sr\/wp-json\/wp\/v2\/types\/product\/"}],"replies":[{"embeddable":true,"href":"http:\/\/www.ortopedia.rs\/sr\/wp-json\/wp\/v2\/comments\/?post=312"}],"wp:featuredmedia":[{"embeddable":true,"href":"http:\/\/www.ortopedia.rs\/sr\/wp-json\/wp\/v2\/media\/214\/"}],"wp:attachment":[{"href":"http:\/\/www.ortopedia.rs\/sr\/wp-json\/wp\/v2\/media\/?parent=312"}],"curies":[{"name":"wp","href":"https:\/\/api.w.org\/{rel}","templated":true}]}}