{"id":400,"date":"2019-02-08T15:39:30","date_gmt":"2019-02-08T15:39:30","guid":{"rendered":"http:\/\/www.ortopedia.rs\/o-nama\/"},"modified":"2019-05-24T12:51:13","modified_gmt":"2019-05-24T12:51:13","slug":"o-nama","status":"publish","type":"page","link":"http:\/\/www.ortopedia.rs\/sr\/o-nama\/","title":{"rendered":"O nama"},"content":{"rendered":"<p>[vc_row][vc_column width=&#8221;1\/2&#8243;]<div class=\"mkdf-image-with-text-holder   \">\n    <div class=\"mkdf-iwt-image\">\n                                    <img width=\"800\" height=\"548\" src=\"http:\/\/www.ortopedia.rs\/wp-content\/uploads\/2019\/05\/Our_Building2.jpg\" class=\"attachment-full size-full\" alt=\"\" loading=\"lazy\" srcset=\"http:\/\/www.ortopedia.rs\/wp-content\/uploads\/2019\/05\/Our_Building2.jpg 800w, http:\/\/www.ortopedia.rs\/wp-content\/uploads\/2019\/05\/Our_Building2-300x206.jpg 300w, http:\/\/www.ortopedia.rs\/wp-content\/uploads\/2019\/05\/Our_Building2-768x526.jpg 768w, http:\/\/www.ortopedia.rs\/wp-content\/uploads\/2019\/05\/Our_Building2-600x411.jpg 600w\" sizes=\"(max-width: 800px) 100vw, 800px\" \/>                        <\/div>\n    <div class=\"mkdf-iwt-text-holder\">\n                    <h4 class=\"mkdf-iwt-title\" >Poslovna zgrada<\/h4>\n        \t\t    <\/div>\n<\/div>[\/vc_column][vc_column width=&#8221;1\/2&#8243;][vc_gmaps link=&#8221;#E-8_JTNDaWZyYW1lJTIwc3JjJTNEJTIyaHR0cHMlM0ElMkYlMkZ3d3cuZ29vZ2xlLmNvbSUyRm1hcHMlMkZlbWJlZCUzRnBiJTNEJTIxMW0xOCUyMTFtMTIlMjExbTMlMjExZDIwNTIuNTIyODIzNzM5MzkxJTIxMmQyMS45MDUyMTIyNDQyODcyNSUyMTNkNDMuMzIwNDIxNjU1MDc4NTI2JTIxMm0zJTIxMWYwJTIxMmYwJTIxM2YwJTIxM20yJTIxMWkxMDI0JTIxMmk3NjglMjE0ZjEzLjElMjEzbTMlMjExbTIlMjExczB4NDc1NWIwYjhmZjM1YmY0NyUyNTNBMHhiNGEzOTEyYWU4YTk1ZDEwJTIxMnowSkxRdnRHWTBMTFF2dEMwMExVZzBKelF1TkdJMExqUm05Q3dJREV3TVN3ZzBKM1F1TkdJJTIxNWUwJTIxM20yJTIxMXNzciUyMTJzcnMlMjE0djE1NTg3MDE4OTEwNjYlMjE1bTIlMjExc3NyJTIxMnNycyUyMiUyMHdpZHRoJTNEJTIyNjAwJTIyJTIwaGVpZ2h0JTNEJTIyNDUwJTIyJTIwZnJhbWVib3JkZXIlM0QlMjIwJTIyJTIwc3R5bGUlM0QlMjJib3JkZXIlM0EwJTIyJTIwYWxsb3dmdWxsc2NyZWVuJTNFJTNDJTJGaWZyYW1lJTNF&#8221; title=&#8221;D.o.o Ortopedija&#8221;][\/vc_column][\/vc_row][vc_row][vc_column][vc_column_text]<\/p>\n<h4><strong>D.o.o Ortopedija<\/strong> je mala firma koja se bavi izradom i servisiranjem ortopedskih pomagala osnovana je 1995 godine u Ni\u0161u .<\/h4>\n<h4>d.o.o Ortopedija snabdeva RFZO Srbija od svog osnivanja i najve\u0107i deo proizvodnje je usmeren na izradu pomagala za osiguranike RFZO.Radimo i pomagala po narud\u017ebini uz nadzor lekara sa dugogodi\u0161njim iskustvom.Nalazimo se u Ni\u0161u Srbija na prometnom mestu u gradu izmedju bolnice i Klini\u010dkog centra Ni\u0161.Prepoznatljivi smo po veoma pristupa\u010dnim cenama i odli\u010dnom kvalitetu pomagala koja su sva doma\u0107e proizvodnje.<\/h4>\n<p>[\/vc_column_text][\/vc_column][\/vc_row]<\/p>\n","protected":false},"excerpt":{"rendered":"<p>[vc_row][vc_column width=&#8221;1\/2&#8243;][\/vc_column][vc_column width=&#8221;1\/2&#8243;][vc_gmaps link=&#8221;#E-8_JTNDaWZyYW1lJTIwc3JjJTNEJTIyaHR0cHMlM0ElMkYlMkZ3d3cuZ29vZ2xlLmNvbSUyRm1hcHMlMkZlbWJlZCUzRnBiJTNEJTIxMW0xOCUyMTFtMTIlMjExbTMlMjExZDIwNTIuNTIyODIzNzM5MzkxJTIxMmQyMS45MDUyMTIyNDQyODcyNSUyMTNkNDMuMzIwNDIxNjU1MDc4NTI2JTIxMm0zJTIxMWYwJTIxMmYwJTIxM2YwJTIxM20yJTIxMWkxMDI0JTIxMmk3NjglMjE0ZjEzLjElMjEzbTMlMjExbTIlMjExczB4NDc1NWIwYjhmZjM1YmY0NyUyNTNBMHhiNGEzOTEyYWU4YTk1ZDEwJTIxMnowSkxRdnRHWTBMTFF2dEMwMExVZzBKelF1TkdJMExqUm05Q3dJREV3TVN3ZzBKM1F1TkdJJTIxNWUwJTIxM20yJTIxMXNzciUyMTJzcnMlMjE0djE1NTg3MDE4OTEwNjYlMjE1bTIlMjExc3NyJTIxMnNycyUyMiUyMHdpZHRoJTNEJTIyNjAwJTIyJTIwaGVpZ2h0JTNEJTIyNDUwJTIyJTIwZnJhbWVib3JkZXIlM0QlMjIwJTIyJTIwc3R5bGUlM0QlMjJib3JkZXIlM0EwJTIyJTIwYWxsb3dmdWxsc2NyZWVuJTNFJTNDJTJGaWZyYW1lJTNF&#8221; title=&#8221;D.o.o Ortopedija&#8221;][\/vc_column][\/vc_row][vc_row][vc_column][vc_column_text] D.o.o Ortopedija je mala firma koja se bavi izradom i servisiranjem ortopedskih pomagala osnovana je 1995 godine u Ni\u0161u . d.o.o Ortopedija snabdeva RFZO Srbija od svog osnivanja i najve\u0107i deo proizvodnje je usmeren [&hellip;]<\/p>\n","protected":false},"author":1,"featured_media":0,"parent":0,"menu_order":0,"comment_status":"closed","ping_status":"closed","template":"","meta":[],"_links":{"self":[{"href":"http:\/\/www.ortopedia.rs\/sr\/wp-json\/wp\/v2\/pages\/400\/"}],"collection":[{"href":"http:\/\/www.ortopedia.rs\/sr\/wp-json\/wp\/v2\/pages\/"}],"about":[{"href":"http:\/\/www.ortopedia.rs\/sr\/wp-json\/wp\/v2\/types\/page\/"}],"author":[{"embeddable":true,"href":"http:\/\/www.ortopedia.rs\/sr\/wp-json\/wp\/v2\/users\/1\/"}],"replies":[{"embeddable":true,"href":"http:\/\/www.ortopedia.rs\/sr\/wp-json\/wp\/v2\/comments\/?post=400"}],"version-history":[{"count":2,"href":"http:\/\/www.ortopedia.rs\/sr\/wp-json\/wp\/v2\/pages\/400\/revisions\/"}],"predecessor-version":[{"id":493,"href":"http:\/\/www.ortopedia.rs\/sr\/wp-json\/wp\/v2\/pages\/400\/revisions\/493\/"}],"wp:attachment":[{"href":"http:\/\/www.ortopedia.rs\/sr\/wp-json\/wp\/v2\/media\/?parent=400"}],"curies":[{"name":"wp","href":"https:\/\/api.w.org\/{rel}","templated":true}]}}