{"id":463,"date":"2018-12-26T14:53:36","date_gmt":"2019-02-08T16:57:38","guid":{"rendered":"http:\/\/www.ortopedia.rs\/product\/gehgestell\/"},"modified":"2019-05-27T18:10:37","modified_gmt":"2019-05-27T18:10:37","slug":"gehgestell","status":"publish","type":"product","link":"http:\/\/www.ortopedia.rs\/de\/produkt\/gehgestell\/","title":{"rendered":"Gehgestell"},"content":{"rendered":"<p>Eine Gehhilfe aus Metall mit einem Gewicht von ca. 2,8 kg ist stabil, nicht faltbar. Sie wird nach Ma\u00df angefertigt. Wir ben\u00f6tigen ein Ma\u00df vom Handgelenk bis zum Boden, damit Sie besser passen. Bitte kontaktieren Sie uns unter 0642622549.<\/p>\n<p>Napomena:Po\u0161tarina nije ura\u010dunata u cenu.<\/p>\n","protected":false},"excerpt":{"rendered":"<p>Gehgestell<\/p>\n","protected":false},"featured_media":538,"comment_status":"open","ping_status":"closed","template":"","meta":[],"_links":{"self":[{"href":"http:\/\/www.ortopedia.rs\/de\/wp-json\/wp\/v2\/product\/463\/"}],"collection":[{"href":"http:\/\/www.ortopedia.rs\/de\/wp-json\/wp\/v2\/product\/"}],"about":[{"href":"http:\/\/www.ortopedia.rs\/de\/wp-json\/wp\/v2\/types\/product\/"}],"replies":[{"embeddable":true,"href":"http:\/\/www.ortopedia.rs\/de\/wp-json\/wp\/v2\/comments\/?post=463"}],"wp:featuredmedia":[{"embeddable":true,"href":"http:\/\/www.ortopedia.rs\/de\/wp-json\/wp\/v2\/media\/538\/"}],"wp:attachment":[{"href":"http:\/\/www.ortopedia.rs\/de\/wp-json\/wp\/v2\/media\/?parent=463"}],"curies":[{"name":"wp","href":"https:\/\/api.w.org\/{rel}","templated":true}]}}