{"id":401,"date":"2019-02-08T15:40:37","date_gmt":"2019-02-08T15:40:37","guid":{"rendered":"http:\/\/www.ortopedia.rs\/uber-uns\/"},"modified":"2019-05-24T12:55:58","modified_gmt":"2019-05-24T12:55:58","slug":"uber-uns","status":"publish","type":"page","link":"http:\/\/www.ortopedia.rs\/de\/uber-uns\/","title":{"rendered":"\u00dcber uns"},"content":{"rendered":"<p>[vc_row][vc_column width=&#8221;1\/2&#8243;]<div class=\"mkdf-image-with-text-holder   \">\n    <div class=\"mkdf-iwt-image\">\n                                    <img width=\"800\" height=\"548\" src=\"http:\/\/www.ortopedia.rs\/wp-content\/uploads\/2019\/05\/Our_Building2.jpg\" class=\"attachment-full size-full\" alt=\"\" loading=\"lazy\" srcset=\"http:\/\/www.ortopedia.rs\/wp-content\/uploads\/2019\/05\/Our_Building2.jpg 800w, http:\/\/www.ortopedia.rs\/wp-content\/uploads\/2019\/05\/Our_Building2-300x206.jpg 300w, http:\/\/www.ortopedia.rs\/wp-content\/uploads\/2019\/05\/Our_Building2-768x526.jpg 768w, http:\/\/www.ortopedia.rs\/wp-content\/uploads\/2019\/05\/Our_Building2-600x411.jpg 600w\" sizes=\"(max-width: 800px) 100vw, 800px\" \/>                        <\/div>\n    <div class=\"mkdf-iwt-text-holder\">\n                    <h4 class=\"mkdf-iwt-title\" >Poslovna zgrada<\/h4>\n        \t\t    <\/div>\n<\/div>[\/vc_column][vc_column width=&#8221;1\/2&#8243;][vc_gmaps link=&#8221;#E-8_JTNDaWZyYW1lJTIwc3JjJTNEJTIyaHR0cHMlM0ElMkYlMkZ3d3cuZ29vZ2xlLmNvbSUyRm1hcHMlMkZlbWJlZCUzRnBiJTNEJTIxMW0xOCUyMTFtMTIlMjExbTMlMjExZDIwNTIuNTIyODIzNzM5MzkxJTIxMmQyMS45MDUyMTIyNDQyODcyNSUyMTNkNDMuMzIwNDIxNjU1MDc4NTI2JTIxMm0zJTIxMWYwJTIxMmYwJTIxM2YwJTIxM20yJTIxMWkxMDI0JTIxMmk3NjglMjE0ZjEzLjElMjEzbTMlMjExbTIlMjExczB4NDc1NWIwYjhmZjM1YmY0NyUyNTNBMHhiNGEzOTEyYWU4YTk1ZDEwJTIxMnowSkxRdnRHWTBMTFF2dEMwMExVZzBKelF1TkdJMExqUm05Q3dJREV3TVN3ZzBKM1F1TkdJJTIxNWUwJTIxM20yJTIxMXNzciUyMTJzcnMlMjE0djE1NTg3MDE4OTEwNjYlMjE1bTIlMjExc3NyJTIxMnNycyUyMiUyMHdpZHRoJTNEJTIyNjAwJTIyJTIwaGVpZ2h0JTNEJTIyNDUwJTIyJTIwZnJhbWVib3JkZXIlM0QlMjIwJTIyJTIwc3R5bGUlM0QlMjJib3JkZXIlM0EwJTIyJTIwYWxsb3dmdWxsc2NyZWVuJTNFJTNDJTJGaWZyYW1lJTNF&#8221; title=&#8221;D.o.o Ortopedija&#8221;][\/vc_column][\/vc_row][vc_row][vc_column][vc_column_text]<\/p>\n<h4><strong><\/strong>D.o.o Orthopaedics ist ein kleines Unternehmen, das sich mit der Herstellung und dem Service von orthop\u00e4dischem Zubeh\u00f6r besch\u00e4ftigt. Das Unternehmen wurde 1995 in Ni\u0161 gegr\u00fcndet.<\/h4>\n<h4>Ltd. Ortopedija beliefert Krankenversicherung Serbien seit seiner Gr\u00fcndung und der gr\u00f6\u00dfte Teil seiner Produktion ist auf die Herstellung von Lieferungen f\u00fcr Krankenversicherung -Versicherer ausgerichtet. Wir arbeiten auch an der Bestellung unter Aufsicht eines Arztes mit langj\u00e4hriger Erfahrung. Wir befinden uns in Nis, Serbien, in einer gesch\u00e4ftigen Stadt zwischen dem Krankenhaus und dem Klinikum Nis. Wir sind zu sehr erschwinglichen Preisen und mit hervorragender Qualit\u00e4t erkennbar, die alle inl\u00e4ndische Produktion sind.<\/h4>\n<p>[\/vc_column_text][\/vc_column][\/vc_row]<\/p>\n","protected":false},"excerpt":{"rendered":"<p>[vc_row][vc_column width=&#8221;1\/2&#8243;][\/vc_column][vc_column width=&#8221;1\/2&#8243;][vc_gmaps link=&#8221;#E-8_JTNDaWZyYW1lJTIwc3JjJTNEJTIyaHR0cHMlM0ElMkYlMkZ3d3cuZ29vZ2xlLmNvbSUyRm1hcHMlMkZlbWJlZCUzRnBiJTNEJTIxMW0xOCUyMTFtMTIlMjExbTMlMjExZDIwNTIuNTIyODIzNzM5MzkxJTIxMmQyMS45MDUyMTIyNDQyODcyNSUyMTNkNDMuMzIwNDIxNjU1MDc4NTI2JTIxMm0zJTIxMWYwJTIxMmYwJTIxM2YwJTIxM20yJTIxMWkxMDI0JTIxMmk3NjglMjE0ZjEzLjElMjEzbTMlMjExbTIlMjExczB4NDc1NWIwYjhmZjM1YmY0NyUyNTNBMHhiNGEzOTEyYWU4YTk1ZDEwJTIxMnowSkxRdnRHWTBMTFF2dEMwMExVZzBKelF1TkdJMExqUm05Q3dJREV3TVN3ZzBKM1F1TkdJJTIxNWUwJTIxM20yJTIxMXNzciUyMTJzcnMlMjE0djE1NTg3MDE4OTEwNjYlMjE1bTIlMjExc3NyJTIxMnNycyUyMiUyMHdpZHRoJTNEJTIyNjAwJTIyJTIwaGVpZ2h0JTNEJTIyNDUwJTIyJTIwZnJhbWVib3JkZXIlM0QlMjIwJTIyJTIwc3R5bGUlM0QlMjJib3JkZXIlM0EwJTIyJTIwYWxsb3dmdWxsc2NyZWVuJTNFJTNDJTJGaWZyYW1lJTNF&#8221; title=&#8221;D.o.o Ortopedija&#8221;][\/vc_column][\/vc_row][vc_row][vc_column][vc_column_text] D.o.o Orthopaedics ist ein kleines Unternehmen, das sich mit der Herstellung und dem Service von orthop\u00e4dischem Zubeh\u00f6r besch\u00e4ftigt. Das Unternehmen wurde 1995 in Ni\u0161 gegr\u00fcndet. Ltd. Ortopedija beliefert Krankenversicherung Serbien seit seiner Gr\u00fcndung und [&hellip;]<\/p>\n","protected":false},"author":1,"featured_media":0,"parent":0,"menu_order":0,"comment_status":"closed","ping_status":"closed","template":"","meta":[],"_links":{"self":[{"href":"http:\/\/www.ortopedia.rs\/de\/wp-json\/wp\/v2\/pages\/401\/"}],"collection":[{"href":"http:\/\/www.ortopedia.rs\/de\/wp-json\/wp\/v2\/pages\/"}],"about":[{"href":"http:\/\/www.ortopedia.rs\/de\/wp-json\/wp\/v2\/types\/page\/"}],"author":[{"embeddable":true,"href":"http:\/\/www.ortopedia.rs\/de\/wp-json\/wp\/v2\/users\/1\/"}],"replies":[{"embeddable":true,"href":"http:\/\/www.ortopedia.rs\/de\/wp-json\/wp\/v2\/comments\/?post=401"}],"version-history":[{"count":2,"href":"http:\/\/www.ortopedia.rs\/de\/wp-json\/wp\/v2\/pages\/401\/revisions\/"}],"predecessor-version":[{"id":495,"href":"http:\/\/www.ortopedia.rs\/de\/wp-json\/wp\/v2\/pages\/401\/revisions\/495\/"}],"wp:attachment":[{"href":"http:\/\/www.ortopedia.rs\/de\/wp-json\/wp\/v2\/media\/?parent=401"}],"curies":[{"name":"wp","href":"https:\/\/api.w.org\/{rel}","templated":true}]}}